{"id":12817,"date":"2014-10-12T17:30:43","date_gmt":"2014-10-12T15:30:43","guid":{"rendered":"http:\/\/pn86.noblogs.org\/?page_id=12817"},"modified":"2015-07-06T23:22:57","modified_gmt":"2015-07-06T21:22:57","slug":"liens-2","status":"publish","type":"page","link":"https:\/\/pn86.noblogs.org\/?page_id=12817","title":{"rendered":"Liens"},"content":{"rendered":"<p><strong>Local<\/strong><\/p>\n<p><a href=\"http:\/\/antenneuniversitaire.wordpress.com\/\" target=\"_blank\">Antenne universitaire du RESF86<\/a><br \/>\n<a href=\"http:\/\/associo.wordpress.com\/\" target=\"_blank\">Associo &#8211; Pour le recyclage se savoirs critiques<\/a><br \/>\n<a href=\"http:\/\/non-lgv-poitiers-limoges.fr\/wp\/\" target=\"_blank\">Collectif NON \u00e0 la LGV Poitiers-Limoges<\/a><br \/>\n<a href=\"http:\/\/collectifunipoitoucharentes.eklablog.fr\/\" target=\"_blank\">Collectif Unitaire Poitou-Charentes<\/a><br \/>\n<a href=\"http:\/\/www.antirep86.fr\/\" target=\"_blank\">Comit\u00e9 Poitevin Contre la R\u00e9pression des Mouvements Sociaux<\/a><br \/>\n<a href=\"http:\/\/poitiers.demosphere.eu\/\" target=\"_blank\">D\u00e9mosph\u00e8re Poitiers<\/a><br \/>\n<a href=\"http:\/\/dal86.fr\/\" target=\"_blank\">Droit Au Logement 86<\/a><br \/>\n<a href=\"http:\/\/www.entousgenres.org\/\" target=\"_blank\">En tous genres \u2013 Association de visibilit\u00e9 et de lutte contre les discriminations fond\u00e9es sur le genre, le sexe et l\u2019orientation sexuelle<\/a><br \/>\n<a href=\"https:\/\/epinenoire.noblogs.org\/\" target=\"_blank\">L&rsquo;\u00e9pine Noire \u2013 Contre-information sur Poitiers et ses alentours<\/a><br \/>\n<a href=\"http:\/\/nidieuxnimaitrenpoitou.wordpress.com\/\" target=\"_blank\">Ni dieux ni maitres en Poitou<\/a><\/p>\n<p><strong>Anticarc\u00e9ral<\/strong><\/p>\n<p><a href=\"https:\/\/contrelenfermement.noblogs.org\/\" target=\"_blank\">Contre tous les lieux d&rsquo;enfermement<\/a><br \/>\n<a href=\"https:\/\/permisdevisite.noblogs.org\/\" target=\"_blank\">Guide \u00e0 l&rsquo;usage des proches de personnes incarc\u00e9r\u00e9es<\/a><br \/>\n<a href=\"http:\/\/lenvolee.net\/\" target=\"_blank\">L&rsquo;Envol\u00e9e \u2013 Pour en finir avec toutes les prisons<\/a><br \/>\n<a href=\"https:\/\/murmure.noblogs.org\/\" target=\"_blank\">murmure &#8211; blog du journal anticarc\u00e9ral angevin<\/a><\/p>\n<p><strong>Antisexisme<\/strong><\/p>\n<p><a href=\"http:\/\/collectifemancipation.blogspot.fr\/\" target=\"_blank\">Collectif \u00c9mancipation<\/a><br \/>\n<a href=\"http:\/\/stop-masculinisme.org\/\" target=\"_blank\">Collectif Stop-Masculinisme<\/a><br \/>\n<a href=\"http:\/\/femmesenlutte93.over-blog.com\/\" target=\"_blank\">Femmes en Lutte 93<\/a><br \/>\n<a href=\"http:\/\/cafaitgenre.org\/\" target=\"_blank\">Genre!<\/a><br \/>\n<a href=\"http:\/\/antisexisme.net\/\" target=\"_blank\">Sexisme et Sciences humaines \u2013 F\u00e9minisme<\/a><\/p>\n<p><strong>Antinucl\u00e9aire<\/strong><\/p>\n<p><a href=\"https:\/\/antitht.noblogs.org\/\" target=\"_blank\">Assembl\u00e9e anti-THT<\/a><br \/>\n<a href=\"https:\/\/nocigeo.noblogs.org\/\" target=\"_blank\">Assembl\u00e9e antinucl\u00e9aire de Bure<\/a><br \/>\n<a href=\"http:\/\/coordination-stopnucleaire.org\/\" target=\"_blank\">Coordination Stop Nucl\u00e9aire<\/a><br \/>\n<a href=\"http:\/\/fan-bretagne.org\/\" target=\"_blank\">F\u00e9d\u00e9ration Anti Nucl\u00e9aire Bretagne<\/a><br \/>\n<a href=\"http:\/\/lesliquidateursduvieuxmonde.wordpress.com\/\" target=\"_blank\">les liquidateurs du vieux monde<\/a><a href=\"https:\/\/lafabriquedeloubli.noblogs.org\/\" target=\"_blank\"><br \/>\nNucl\u00e9aire, la fabrique de l&rsquo;oubli.<\/a><a href=\"http:\/\/leseditionsduboutdelaville.fr\/leseditionsduboutdelaville\/Les_Editions_du_Bout_de_la_Ville_files\/arkadi_filine-oublier_fukushima.pdf\" target=\"_blank\"><br \/>\nOublier Fukushima (livre complet)<\/a><\/p>\n<p><strong>Contre-info<\/strong><\/p>\n<p><a href=\"http:\/\/www.article11.info\/\" target=\"_blank\">Article 11<\/a><br \/>\n<a href=\"https:\/\/avalanche.noblogs.org\/\" target=\"_blank\">Avalanche \u2013 Correspondance anarchiste<\/a><br \/>\n<a href=\"http:\/\/bellaciao.org\/\" target=\"_blank\">Bella Ciao<\/a><br \/>\n<a href=\"http:\/\/www.brassicanigra.org\/\" target=\"_blank\">Brassicanigra<\/a><br \/>\n<a href=\"http:\/\/fr.contrainfo.espiv.net\/\" target=\"_blank\">Contra Info \u2013 R\u00e9seau de traduction et de contre-infos<\/a><br \/>\n<a href=\"https:\/\/cqfd-journal.org\/\" target=\"_blank\">CQFD, mensuel de critique et d&rsquo;exp\u00e9rimentation sociales<\/a><br \/>\n<a href=\"http:\/\/bxl.indymedia.org\/\" target=\"_blank\">Indymedia Bruxelles<\/a><br \/>\n<a href=\"http:\/\/grenoble.indymedia.org\/\" target=\"_blank\">Indymedia Grenoble<\/a><br \/>\n<a href=\"http:\/\/lille.indymedia.org\/\" target=\"_blank\">Indymedia Lille<\/a><br \/>\n<a href=\"http:\/\/nantes.indymedia.org\/\" target=\"_blank\">Indymedia Nantes<\/a><br \/>\n<a href=\"http:\/\/paris.indymedia.org\/\" target=\"_blank\">Indymedia Paris\/\u00cele-de-France<\/a><br \/>\n<a href=\"http:\/\/quebec.indymedia.org\/fr\/\" target=\"_blank\">Indymedia Qu\u00e9bec<\/a><br \/>\n<a href=\"http:\/\/switzerland.indymedia.org\/fr\/\" target=\"_blank\">Indymedia Suisse<\/a><br \/>\n<a href=\"http:\/\/iaata.info\/\" target=\"_blank\">Information Anti Autoritaire Toulouse et Alentours<\/a><br \/>\n<a href=\"https:\/\/brestluttes.noblogs.org\/\" target=\"_blank\">Infos sur les luttes \u00e0 Brest et alentours<\/a><br \/>\n<a href=\"http:\/\/jefklak.org\/\" target=\"_blank\">jef klak &#8211; Critique sociale &amp; exp\u00e9riences litt\u00e9raires<\/a><br \/>\n<a href=\"http:\/\/www.alsacelibertaire.net\/spip\/\" target=\"_blank\">L&rsquo;Alsace Libertaire<\/a><br \/>\n<a href=\"http:\/\/labrique.net\/\" target=\"_blank\">La Brique &#8211; Critique sociale de Lille et d&rsquo;ailleurs<\/a><br \/>\n<a href=\"http:\/\/lagazettedegouzy.fr\/\" target=\"_blank\"> La Gazette de Gouzy &#8211; R\u00e9flexion, exp\u00e9rimentation et luttes sociales<\/a><br \/>\n<a href=\"http:\/\/lamouetteenragee.over-blog.com\/\" target=\"_blank\"> La Mouette Enrag\u00e9e &#8211; Journal du groupe communiste anarchiste de Boulogne-sur-Mer<\/a><br \/>\n<a href=\"http:\/\/tours.mediaslibres.org\/\" target=\"_blank\">La Rotative \u2013 Site collaboratif d\u2019informations locales \u2013 Tours et alentours<\/a><br \/>\n<a href=\"http:\/\/lechatnoiremeutier.antifa-net.fr\/\" target=\"_blank\">Le Chat Noir \u00c9meutier<\/a><br \/>\n<a href=\"https:\/\/juralib.noblogs.org\/\" target=\"_blank\">Le Jura Libertaire<\/a><br \/>\n<a href=\"http:\/\/www.lepostillon.org\/\" target=\"_blank\">Le Postillon &#8211; Journal de Grenoble &amp; sa cuvette<\/a><br \/>\n<a href=\"http:\/\/lereveil.ch\/\" target=\"_blank\">Le R\u00e9veil<\/a><br \/>\n<a href=\"http:\/\/luciolesdanslanuit.blogspot.fr\/\" target=\"_blank\">Lucioles \u2013 Bulletin anarchiste de Paris et de sa r\u00e9gion<\/a><br \/>\n<a href=\"https:\/\/mars.noblogs.org\/\" target=\"_blank\">Marseille Infos Autonomes<\/a><br \/>\n<a href=\"http:\/\/mediaslibres.org\/\" target=\"_blank\">M\u00e9dias libres<\/a><br \/>\n<a href=\"https:\/\/mediatours.noblogs.org\/\" target=\"_blank\">M\u00e9diatours<\/a><br \/>\n<a href=\"http:\/\/mtlcounter-info.org\/\" target=\"_blank\">Montr\u00e9al Contre-information<\/a><br \/>\n<a href=\"http:\/\/www.non-fides.fr\/\" target=\"_blank\">Non Fides &#8211; Base de donn\u00e9es anarchistes<\/a><br \/>\n<a href=\"http:\/\/paris-luttes.info\/\" target=\"_blank\">Paris-luttes.info &#8211; Site coop\u00e9ratif d\u2019infos et de luttes Paris-banlieue<\/a><br \/>\n<a href=\"http:\/\/rebellyon.info\/\" target=\"_blank\">Rebellyon &#8211; Site collaboratif d&rsquo;infos alternatives<\/a><br \/>\n<a href=\"https:\/\/reimsmediaslibres.info\/\" target=\"_blank\">Reims Medias Libres &#8211; Site collaboratif d\u2019informations locales &#8211; Reims et alentours<\/a><br \/>\n<a href=\"http:\/\/www.rennes-info.org\/\" target=\"_blank\">Rennes info<\/a><\/p>\n<p><a href=\"http:\/\/www.socialisme-libertaire.fr\/\" target=\"_blank\">Socialisme libertaire<\/a><br \/>\n<a href=\"http:\/\/sous-la-cendre.info\/\" target=\"_blank\">Sous La Cendre<\/a><br \/>\n<a href=\"http:\/\/timult.poivron.org\" target=\"_blank\">Timult \u2014 luttes sociales et aspirations \u00e0 changer le monde<\/a><br \/>\n<a href=\"http:\/\/www.zite.fr\/\" target=\"_blank\">Z \u2013 revue itin\u00e9rante d&rsquo;enqu\u00eate et de critique sociale<\/a><\/p>\n<p><strong>Hacktivisme<\/strong><\/p>\n<p><a href=\"https:\/\/boum.org\/\" target=\"_blank\">boum.org<\/a><br \/>\n<a href=\"https:\/\/guide.boum.org\/\" target=\"_blank\">Guide d\u2019autod\u00e9fense num\u00e9rique<\/a><br \/>\n<a href=\"http:\/\/noblogs.org\/\" target=\"_blank\">noblogs.org<\/a><br \/>\n<a href=\"https:\/\/riseup.net\/fr\" target=\"_blank\">riseup.net<\/a><br \/>\n<a href=\"https:\/\/tails.boum.org\/index.fr.html\" target=\"_blank\">Tails \u2013 Confidentialit\u00e9 et anonymat, pour tous et partout<\/a><br \/>\n<a href=\"https:\/\/www.torproject.org\/\" target=\"_blank\">Tor Project : Anonymity Online<\/a><\/p>\n<p><strong>Autres liens<\/strong><\/p>\n<p><a href=\"https:\/\/affiches.noblogs.org\/\" target=\"_blank\">affiches.noblogs.org<\/a><br \/>\n<a href=\"https:\/\/rojavasolidarite.noblogs.org\/\" target=\"_blank\">Anarchistes solidaires du Rojava<\/a><br \/>\n<a href=\"http:\/\/web.tiscali.it\/anticitoyennisme\/\" target=\"_blank\">anticitoyennisme<\/a><br \/>\n<a href=\"http:\/\/atouteslesvictimes.samizdat.net\/\" target=\"_blank\">\u00c0 toutes les victimes des \u00e9tats policiers<\/a><br \/>\n<a href=\"https:\/\/justiceordinaire.noblogs.org\/\" target=\"_blank\">Chroniques de la Justice Ordinaire<\/a><br \/>\n<a href=\"http:\/\/ablogm.com\/cats\/\" target=\"_blank\">Collectif Anarchiste de Traduction et de Scann\u00e9risation<\/a><br \/>\n<a href=\"http:\/\/capab.samizdat.net\/\" target=\"_blank\">Collectif Antifasciste Paris Banlieue<\/a><br \/>\n<a href=\"https:\/\/leopart.noblogs.org\/\" target=\"_blank\">Contre la LEO et son monde<\/a><br \/>\n<a href=\"http:\/\/www.nonalacentrale.fr\/\" target=\"_blank\">Contre le(s) projet(s) de centrale \u00e0 gaz dans le Finist\u00e8re<\/a><br \/>\n<a href=\"https:\/\/faceauxarmesdelapolice.wordpress.com\/\" target=\"_blank\">Face aux armes de la police<\/a><br \/>\n<a href=\"http:\/\/lahorde.samizdat.net\/\" target=\"_blank\">La Horde<\/a><br \/>\n<a href=\"http:\/\/www.lecinemaestpolitique.fr\/\" target=\"_blank\">Le cin\u00e9ma est politique<\/a><br \/>\n<a href=\"http:\/\/dures-a-queer.tumblr.com\/\" target=\"_blank\">Les DurEs \u00e0 Queer<\/a><br \/>\n<a href=\"http:\/\/lesflamandsroses.com\/\" target=\"_blank\">Les Flamands Roses<\/a><br \/>\n<a href=\"https:\/\/notavfrance.noblogs.org\/\" target=\"_blank\">NO TAV France<\/a><br \/>\n<a href=\"https:\/\/propagande.noblogs.org\/\" target=\"_blank\">propagande.noblogs.org &#8211; ressources visuelles pour l&rsquo;\u00e9mancipation<\/a><br \/>\n<a href=\"http:\/\/quartierslibres.wordpress.com\/\" target=\"_blank\">quartierslibres<\/a><br \/>\n<a href=\"http:\/\/reseauxcla.wordpress.com\/\" target=\"_blank\">R\u00e9seaux CLA<\/a><br \/>\n<a href=\"http:\/\/resistons.lautre.net\/\" target=\"_blank\">R\u00e9sistons Ensemble<\/a><br \/>\n<a href=\"https:\/\/sanspapiersnifrontieres.noblogs.org\/\" target=\"_blank\">Sans Papiers Ni Fronti\u00e8res<\/a><br \/>\n<a href=\"https:\/\/violenceparfoisoui.wordpress.com\/\" target=\"_blank\">Violence ? Parfois oui\u2026<\/a><br \/>\n<a href=\"http:\/\/zad.nadir.org\/\" target=\"_blank\">Zone \u00c0 D\u00e9fendre<\/a><\/p>\n","protected":false},"excerpt":{"rendered":"<p>Local Antenne universitaire du RESF86 Associo &#8211; Pour le recyclage se savoirs critiques Collectif NON \u00e0 la LGV Poitiers-Limoges Collectif Unitaire Poitou-Charentes Comit\u00e9 Poitevin Contre la R\u00e9pression des Mouvements Sociaux D\u00e9mosph\u00e8re Poitiers Droit Au Logement 86 En tous genres \u2013 &hellip; <a href=\"https:\/\/pn86.noblogs.org\/?page_id=12817\">Continuer la lecture <span class=\"meta-nav\">&rarr;<\/span><\/a><\/p>\n","protected":false},"author":2691,"featured_media":0,"parent":0,"menu_order":0,"comment_status":"open","ping_status":"open","template":"","meta":{"footnotes":""},"class_list":["post-12817","page","type-page","status-publish","hentry"],"_links":{"self":[{"href":"https:\/\/pn86.noblogs.org\/index.php?rest_route=\/wp\/v2\/pages\/12817","targetHints":{"allow":["GET"]}}],"collection":[{"href":"https:\/\/pn86.noblogs.org\/index.php?rest_route=\/wp\/v2\/pages"}],"about":[{"href":"https:\/\/pn86.noblogs.org\/index.php?rest_route=\/wp\/v2\/types\/page"}],"author":[{"embeddable":true,"href":"https:\/\/pn86.noblogs.org\/index.php?rest_route=\/wp\/v2\/users\/2691"}],"replies":[{"embeddable":true,"href":"https:\/\/pn86.noblogs.org\/index.php?rest_route=%2Fwp%2Fv2%2Fcomments&post=12817"}],"version-history":[{"count":20,"href":"https:\/\/pn86.noblogs.org\/index.php?rest_route=\/wp\/v2\/pages\/12817\/revisions"}],"predecessor-version":[{"id":13368,"href":"https:\/\/pn86.noblogs.org\/index.php?rest_route=\/wp\/v2\/pages\/12817\/revisions\/13368"}],"wp:attachment":[{"href":"https:\/\/pn86.noblogs.org\/index.php?rest_route=%2Fwp%2Fv2%2Fmedia&parent=12817"}],"curies":[{"name":"wp","href":"https:\/\/api.w.org\/{rel}","templated":true}]}}